{"id":2904,"date":"2024-01-13T14:56:26","date_gmt":"2024-01-13T14:56:26","guid":{"rendered":"https:\/\/metodosambeat.com\/?page_id=2904"},"modified":"2024-01-13T14:56:26","modified_gmt":"2024-01-13T14:56:26","slug":"confirmacion-suscripcion-newsletter","status":"publish","type":"page","link":"https:\/\/metodosambeat.com\/index.php\/confirmacion-suscripcion-newsletter\/","title":{"rendered":"confirmaci\u00f3n suscripci\u00f3n newsletter"},"content":{"rendered":"\n\n\t<h2>Muchas gracias por suscribirte a nuestro bolet\u00edn de art\u00edculos y noticas sobre nutrici\u00f3n, y en definitiva sobre salud.<\/h2>\n<p>&nbsp;<\/p>\n<h2>Peri\u00f3dicamente ir\u00e1s recibiendo emails sobre temas de tu inter\u00e9s en este campo.<\/h2>\n<p>&nbsp;<\/p>\n\n","protected":false},"excerpt":{"rendered":"","protected":false},"author":1,"featured_media":0,"parent":0,"menu_order":0,"comment_status":"closed","ping_status":"closed","template":"","meta":{"_et_pb_use_builder":"","_et_pb_old_content":"","_et_gb_content_width":"","footnotes":""},"class_list":["post-2904","page","type-page","status-publish","hentry"],"_links":{"self":[{"href":"https:\/\/metodosambeat.com\/index.php\/wp-json\/wp\/v2\/pages\/2904","targetHints":{"allow":["GET"]}}],"collection":[{"href":"https:\/\/metodosambeat.com\/index.php\/wp-json\/wp\/v2\/pages"}],"about":[{"href":"https:\/\/metodosambeat.com\/index.php\/wp-json\/wp\/v2\/types\/page"}],"author":[{"embeddable":true,"href":"https:\/\/metodosambeat.com\/index.php\/wp-json\/wp\/v2\/users\/1"}],"replies":[{"embeddable":true,"href":"https:\/\/metodosambeat.com\/index.php\/wp-json\/wp\/v2\/comments?post=2904"}],"version-history":[{"count":2,"href":"https:\/\/metodosambeat.com\/index.php\/wp-json\/wp\/v2\/pages\/2904\/revisions"}],"predecessor-version":[{"id":2906,"href":"https:\/\/metodosambeat.com\/index.php\/wp-json\/wp\/v2\/pages\/2904\/revisions\/2906"}],"wp:attachment":[{"href":"https:\/\/metodosambeat.com\/index.php\/wp-json\/wp\/v2\/media?parent=2904"}],"curies":[{"name":"wp","href":"https:\/\/api.w.org\/{rel}","templated":true}]}}