{"id":1722,"date":"2019-07-25T14:50:08","date_gmt":"2019-07-25T12:50:08","guid":{"rendered":"http:\/\/www.desarrollo.metodosanpablo.com\/?page_id=1573"},"modified":"2025-02-06T14:58:27","modified_gmt":"2025-02-06T14:58:27","slug":"exitos-medicos","status":"publish","type":"page","link":"https:\/\/metodosambeat.com\/index.php\/exitos-medicos\/","title":{"rendered":"\u00c9xitos m\u00e9dicos"},"content":{"rendered":"<p>[vc_row margin_bottom=&#8221;40px&#8221;][vc_column][vc_column_text el_class=&#8221;titleBorder&#8221;]<\/p>\n<h2><strong>CASO CL\u00cdNICO: Hernia de hiato y reflujo es\u00f3f\u00e1gico<\/strong><\/h2>\n<p>[\/vc_column_text][vc_column_text el_class=&#8221;bigP&#8221;]Paciente de 58 a\u00f1os de edad y de profesi\u00f3n cirujano<\/p>\n<p>Acude a la consulta para perder peso debido a que debe someterse a una intervenci\u00f3n quir\u00fargica para solucionar una hernia de hiato de varios a\u00f1os de evoluci\u00f3n,\u00a0 y que \u00faltimamente le est\u00e1 provocando un importante reflujo nocturno, con retorno de la comida a la boca mientras est\u00e1 dormido y que a veces le despierta bruscamente con sensaci\u00f3n de que se asfixia. Desde hace varios a\u00f1os tomaba medicaci\u00f3n encaminada a mejorar su problema digestivo, pero \u00faltimamente est\u00e1 parece que est\u00e1 dejando de ser efectiva.<\/p>\n<p>En la primera visita nos trae pruebas de endoscopia y ph-metr\u00eda el est\u00f3mago en las que se aprecia una importante hernia de hiato y un aumento de la acidez en el es\u00f3fago.<\/p>\n<p>Comenzamos el tratamiento exclusivamente nutricional en Enero del a\u00f1o 2008.<\/p>\n<p>Febrero del a\u00f1o 2008: Al mes de comenzar el paciente refiere una importante mejor\u00eda en los s\u00edntomas de reflujo digestivo. Ya no se despierta por las noches con sensaci\u00f3n de asfixia. Incluso \u00e9l mismo ha ido disminuyendo la medicaci\u00f3n que llevaba tomando desde varios a\u00f1os atr\u00e1s para su reflujo. En Junio del a\u00f1o 2008: tras un tratamiento con dietas que ha durado cinco meses y medio, y tras haber perdido 15 kg. comiendo toda la cantidad de comida que ha querido y sin pasar hambre, nuestro paciente nos cuenta que hace ya tres meses que ha abandonado por completo la medicaci\u00f3n digestiva, no habiendo vuelto a aparecer un episodio de reflujo nocturno.<\/p>\n<p>Adem\u00e1s nos trae nuevas pruebas diagn\u00f3sticas:<\/p>\n<p id=\"u5679-8\">Se ha realizado una endoscop\u00eda y una ph metr\u00eda en donde aparecen los siguientes hallazgos:<\/p>\n<ul>\n<li id=\"u5679-12\"><span id=\"u5679-10\">Endoscopia:<\/span>\u00a0antes de realizar el tratamiento al paciente se le encontraron hernia de hiato, un anillo de Schatzki y un abundante reflujo biliar. Tras realizar nuestro tratamiento nutricional en la endoscopia se objetivaron una disminuci\u00f3n importante de la hernia de hiato y han desaparecido el reflujo biliar y el anillo de Schatzki.<\/li>\n<li><span id=\"u5679-15\">Ph-metr\u00eda<\/span>: antes de nuestro tratamiento nutricional el paciente contabiliz\u00f3 un elevado n\u00famero de episodios de reflujo, 242 cuando lo normal estar\u00eda por debajo de 51. Tras realizar nuestras dietas informe refiere un reflujo patol\u00f3gico leve con un n\u00famero de episodios de 85.Otros hallazgos de esta prueba fueron que el porcentaje de tiempo de exposici\u00f3n \u00e1cida del es\u00f3fago distal pas\u00f3 de ser de un 14,6% antes de la dieta a tan s\u00f3lo un 6% al finalizar esta, siendo considerados normales valores por debajo de 4,5%.<\/li>\n<\/ul>\n<p id=\"u5679-19\">Tambi\u00e9n en esta prueba comprobamos que la puntuaci\u00f3n global de DeMeester era en un principio de 72, 6, bajando hasta 27 al finalizar el cambio nutricional. Los valores normales de este par\u00e1metro estar\u00edan por debajo de 14,7.<\/p>\n<p id=\"u5679-22\">En esta \u00faltima visita nuestro paciente nos coment\u00f3 que hab\u00eda iniciado nuestro\u00a0 m\u00e9todo para adelgazar antes de su operaci\u00f3n quir\u00fargica, pero que en vista de\u00a0 estos resultados diagn\u00f3sticos ya no se iba a operar.<\/p>\n<p id=\"u5679-25\">Tras esta visita se le pone un tratamiento o de mantenimiento donde ya puede\u00a0 comer cualquier tipo de alimentos, ense\u00f1\u00e1ndole como debe hacerlo y se le da\u00a0 el alta.<\/p>\n<p>[\/vc_column_text][vc_gallery type=&#8221;flexslider_slide&#8221; interval=&#8221;3&#8243; images=&#8221;2070,2071&#8243; img_size=&#8221;full&#8221; onclick=&#8221;&#8221;][\/vc_column][\/vc_row][vc_row][vc_column][vc_column_text el_class=&#8221;titleBorder&#8221;]<\/p>\n<h2><strong>CASO CL\u00cdNICO: Niveles elevados de colesterol y trigliceridos<\/strong><\/h2>\n<p>[\/vc_column_text][\/vc_column][\/vc_row][vc_row][vc_column][vc_column_text el_class=&#8221;bigP&#8221;]Paciente de 40 a\u00f1os que acude a consulta a finales de mayo 2008.<\/p>\n<p>En los primeros an\u00e1lisis que nos trae se aprecian unos valores altos de colesterol y triglic\u00e9ridos.<\/p>\n<p>En julio del 2008, tras un mes y medio de tratamiento, y despu\u00e9s de haber perdido 6,5 Kg. se repite los an\u00e1lisis en los que se objetivan ya, una disminuci\u00f3n de dichas cifras que han regresado hasta los valores normales.[\/vc_column_text][vc_gallery type=&#8221;flexslider_slide&#8221; interval=&#8221;3&#8243; images=&#8221;2075&#8243; img_size=&#8221;full&#8221; onclick=&#8221;&#8221;][\/vc_column][\/vc_row][vc_row][vc_column][vc_column_text el_class=&#8221;titleBorder&#8221;]<\/p>\n<h2><strong>CASO CL\u00cdNICO: Niveles elevados de \u00e1cido \u00farico y trigliceridos<\/strong><\/h2>\n<p>[\/vc_column_text][\/vc_column][\/vc_row][vc_row][vc_column width=&#8221;1\/2&#8243;][vc_column_text el_class=&#8221;bigP&#8221;]Paciente de 61 a\u00f1os de edad que acude a la consulta en marzo del a\u00f1o 2008 para someterse a un plan de adelgazamiento.<\/p>\n<p>En la historia cl\u00ednica relata una tendencia antigua de cifras de triglic\u00e9ridos altas que hasta hace dos a\u00f1os se estaba tratando con medicaci\u00f3n que abandon\u00f3 porque le sub\u00edan las transaminasas. En todo este tiempo no hab\u00eda conseguido disminuir los valores de \u00e9stas.<\/p>\n<p>Asimismo se apreci\u00f3 en los an\u00e1lisis un contenido de \u00e1cido \u00farico en sangre por encima de lo normal.<\/p>\n<p>Tras cuatro meses de seguir el m\u00e9todo San Pablo, consigui\u00f3 una p\u00e9rdida de peso de diecis\u00e9is kilos y una disminuci\u00f3n muy importante sus valores de transaminasas llegando a ser \u00e9stas normales.<\/p>\n<p>Tambi\u00e9n logr\u00f3 reducir su \u00e1cido \u00farico a par\u00e1metros normales. En ambos casos, transaminasas y \u00e1cido \u00farico, el resultado se obtuvo sin la ayuda de ning\u00fan tipo de medicaci\u00f3n, tan s\u00f3lo modificando su alimentaci\u00f3n.[\/vc_column_text][\/vc_column][vc_column width=&#8221;1\/2&#8243;][vc_gallery type=&#8221;flexslider_slide&#8221; interval=&#8221;3&#8243; images=&#8221;2065,2064&#8243; img_size=&#8221;full&#8221; onclick=&#8221;&#8221;][\/vc_column][\/vc_row][vc_row][vc_column][vc_column_text el_class=&#8221;titleBorder&#8221;]<\/p>\n<h2><strong>CASO CL\u00cdNICO: Muy importante perdida de peso (73,4 kg en 3 a\u00f1os)<\/strong><\/h2>\n<p>[\/vc_column_text][\/vc_column][\/vc_row][vc_row][vc_column width=&#8221;1\/3&#8243;][vc_column_text el_class=&#8221;bigP&#8221;]Paciente de 28 a\u00f1os de edad, con un gran sobrepeso, que acude a la consulta en Septiembre del a\u00f1o 2005 para someterse a un plan de adelgazamiento.<\/p>\n<p>En la exploraci\u00f3n en la consulta obtenemos unas cifras de: Altura 180 cms y peso\u00a0\u00a0 179,2 Kgs.<\/p>\n<p>Nos planteamos una estrategia para conseguir una gran perdida de peso, teniendo en cuanto dos circunstancias principales:<\/p>\n<p>1\u00aa) Ante la necesidad de llevar a cabo el plan de adelgazamiento durante, prevemos, bastante tiempo, es necesario estructurarlo de una forma variada, de forma que no le resulte mon\u00f3tono y no se canse y abandone.<\/p>\n<p>2\u00ba) MUY IMPORTANTE. Esa gran perdida de peso no debe ocasionarle ning\u00fan problema de salud, por lo que es imprescindible, no utilizar dietas con una gran restricci\u00f3n de alimentos y adem\u00e1s debe existir un completo equilibrio de nutrientes.<\/p>\n<p>En Noviembre de 2008 y tras haber conseguido una perdida de peso de &#8211; 73,4 kg, pasamos a la fase final y valoramos los resultados finales de los an\u00e1lisis de sangre objetivando que su estado de salud y sus valores de sangre son perfectamente normales.[\/vc_column_text][\/vc_column][vc_column width=&#8221;2\/3&#8243;][vc_gallery type=&#8221;flexslider_slide&#8221; interval=&#8221;3&#8243; images=&#8221;2077&#8243; img_size=&#8221;full&#8221; onclick=&#8221;&#8221;][\/vc_column][\/vc_row]<\/p>\n","protected":false},"excerpt":{"rendered":"<p>[vc_row margin_bottom=&#8221;40px&#8221;][vc_column][vc_column_text el_class=&#8221;titleBorder&#8221;] CASO CL\u00cdNICO: Hernia de hiato y reflujo es\u00f3f\u00e1gico [\/vc_column_text][vc_column_text el_class=&#8221;bigP&#8221;]Paciente de 58 a\u00f1os de edad y de profesi\u00f3n cirujano Acude a la consulta para perder peso debido a que debe someterse a una intervenci\u00f3n quir\u00fargica para solucionar una hernia de hiato de varios a\u00f1os de evoluci\u00f3n,\u00a0 y que \u00faltimamente le est\u00e1 provocando [&hellip;]<\/p>\n","protected":false},"author":1,"featured_media":0,"parent":0,"menu_order":0,"comment_status":"closed","ping_status":"closed","template":"","meta":{"_et_pb_use_builder":"","_et_pb_old_content":"","_et_gb_content_width":"","footnotes":""},"class_list":["post-1722","page","type-page","status-publish","hentry"],"_links":{"self":[{"href":"https:\/\/metodosambeat.com\/index.php\/wp-json\/wp\/v2\/pages\/1722","targetHints":{"allow":["GET"]}}],"collection":[{"href":"https:\/\/metodosambeat.com\/index.php\/wp-json\/wp\/v2\/pages"}],"about":[{"href":"https:\/\/metodosambeat.com\/index.php\/wp-json\/wp\/v2\/types\/page"}],"author":[{"embeddable":true,"href":"https:\/\/metodosambeat.com\/index.php\/wp-json\/wp\/v2\/users\/1"}],"replies":[{"embeddable":true,"href":"https:\/\/metodosambeat.com\/index.php\/wp-json\/wp\/v2\/comments?post=1722"}],"version-history":[{"count":2,"href":"https:\/\/metodosambeat.com\/index.php\/wp-json\/wp\/v2\/pages\/1722\/revisions"}],"predecessor-version":[{"id":4292,"href":"https:\/\/metodosambeat.com\/index.php\/wp-json\/wp\/v2\/pages\/1722\/revisions\/4292"}],"wp:attachment":[{"href":"https:\/\/metodosambeat.com\/index.php\/wp-json\/wp\/v2\/media?parent=1722"}],"curies":[{"name":"wp","href":"https:\/\/api.w.org\/{rel}","templated":true}]}}