{"id":1383,"date":"2023-09-28T21:56:16","date_gmt":"2023-09-28T21:56:16","guid":{"rendered":"https:\/\/metodosambeat.com\/?page_id=1383"},"modified":"2025-11-01T22:28:47","modified_gmt":"2025-11-01T22:28:47","slug":"blogs-y-noticias-nutricion","status":"publish","type":"page","link":"https:\/\/metodosambeat.com\/index.php\/blogs-y-noticias-nutricion\/","title":{"rendered":"Blogs"},"content":{"rendered":"<p>[et_pb_section fb_built=&#8221;1&#8243; admin_label=&#8221;Header&#8221; _builder_version=&#8221;4.22.1&#8243; _module_preset=&#8221;default&#8221; background_color=&#8221;gcid-4dccef5c-a04c-4e7c-abbe-b1e880c58010&#8243; background_image=&#8221;https:\/\/metodosambeat.com\/wp-content\/uploads\/2023\/07\/health-clinic-2.png&#8221; background_size=&#8221;custom&#8221; background_image_width=&#8221;15%&#8221; background_position=&#8221;top_right&#8221; background_horizontal_offset=&#8221;8vw&#8221; background_vertical_offset=&#8221;30px&#8221; collapsed=&#8221;on&#8221; global_colors_info=&#8221;{%22gcid-4dccef5c-a04c-4e7c-abbe-b1e880c58010%22:%91%22background_color%22%93}&#8221;][et_pb_row _builder_version=&#8221;4.22.1&#8243; _module_preset=&#8221;default&#8221; global_colors_info=&#8221;{}&#8221;][et_pb_column type=&#8221;4_4&#8243; _builder_version=&#8221;4.22.1&#8243; _module_preset=&#8221;default&#8221; global_colors_info=&#8221;{}&#8221;][et_pb_text _builder_version=&#8221;4.19.5&#8243; _module_preset=&#8221;497831db-1523-423c-bd5c-a6d743b2b9dd&#8221; header_text_color=&#8221;gcid-f743be1f-46bf-4685-bc55-7e8b347eb98d&#8221; global_colors_info=&#8221;{%22gcid-f743be1f-46bf-4685-bc55-7e8b347eb98d%22:%91%22header_text_color%22%93}&#8221;]<\/p>\n<h1>Noticias &amp; Blogs<\/h1>\n<p>[\/et_pb_text][et_pb_text _builder_version=&#8221;4.22.1&#8243; _module_preset=&#8221;default&#8221; text_font=&#8221;||||||||&#8221; text_text_color=&#8221;#EDEF88&#8243; custom_padding=&#8221;|45px||||&#8221; hover_enabled=&#8221;0&#8243; text_text_shadow_style=&#8221;preset1&#8243; global_colors_info=&#8221;{}&#8221; sticky_enabled=&#8221;0&#8243;]<\/p>\n<h2><span style=\"color: #ffffff;\">M\u00e9todo Sambeat: No te pongas a dieta para adelgazar;<\/span><\/h2>\n<h2><span style=\"color: #ffffff;\">ponte a dieta para no recuperar el peso que pierdas.<\/span><\/h2>\n<p><span style=\"color: #ffffff;\"><\/span><\/p>\n<p><span style=\"color: #ffffff;\"><\/span><\/p>\n<h4><span style=\"color: #ffffff;\">Descubre consejos, historias inspiradoras y las \u00faltimas tendencias en nutrici\u00f3n y adelgazamiento en nuestra secci\u00f3n de blogs y noticias<\/span><\/h4>\n<p>[\/et_pb_text][\/et_pb_column][\/et_pb_row][\/et_pb_section][et_pb_section fb_built=&#8221;1&#8243; admin_label=&#8221;Blog&#8221; _builder_version=&#8221;4.19.5&#8243; _module_preset=&#8221;default&#8221; background_color=&#8221;gcid-9464c34f-f9ff-43eb-9668-c958662e33fc&#8221; collapsed=&#8221;on&#8221; global_colors_info=&#8221;{%22gcid-9464c34f-f9ff-43eb-9668-c958662e33fc%22:%91%22background_color%22%93}&#8221;][et_pb_row _builder_version=&#8221;4.19.5&#8243; _module_preset=&#8221;default&#8221; global_colors_info=&#8221;{}&#8221;][et_pb_column type=&#8221;4_4&#8243; _builder_version=&#8221;4.19.5&#8243; _module_preset=&#8221;default&#8221; global_colors_info=&#8221;{}&#8221;][et_pb_blog posts_number=&#8221;9&#8243; _builder_version=&#8221;4.19.5&#8243; _module_preset=&#8221;432d2fd9-bb13-4c3e-8780-0460236c1bc2&#8243; locked=&#8221;off&#8221; global_colors_info=&#8221;{%22gcid-4dccef5c-a04c-4e7c-abbe-b1e880c58010%22:%91%22pagination_text_color%22,%22read_more_text_color%22%93}&#8221;][\/et_pb_blog][\/et_pb_column][\/et_pb_row][et_pb_row column_structure=&#8221;1_2,1_2&#8243; _builder_version=&#8221;4.22.1&#8243; _module_preset=&#8221;default&#8221; background_color=&#8221;#14543d&#8221; global_colors_info=&#8221;{}&#8221;][et_pb_column type=&#8221;1_2&#8243; _builder_version=&#8221;4.22.1&#8243; _module_preset=&#8221;default&#8221; global_colors_info=&#8221;{}&#8221;][et_pb_text _builder_version=&#8221;4.22.1&#8243; _module_preset=&#8221;default&#8221; custom_margin=&#8221;1px|||45px|false|false&#8221; global_colors_info=&#8221;{}&#8221;]<\/p>\n<h2><span style=\"color: #ffffff;\">Si quieres que te mantengamos<\/span><\/h2>\n<h2><span style=\"color: #ffffff;\"> informado de noticias y temas<\/span><\/h2>\n<h2><span style=\"color: #ffffff;\"> actuales relacionados con tu<\/span><\/h2>\n<h2><span style=\"color: #ffffff;\"> nutrici\u00f3n, suscr\u00edbete a nuestra<\/span><\/h2>\n<h2><span style=\"color: #ffffff;\"> newsletter<\/span><\/h2>\n<p>[\/et_pb_text][et_pb_icon font_icon=&#8221;&#x4a;||divi||400&#8243; icon_width=&#8221;155px&#8221; _builder_version=&#8221;4.22.1&#8243; _module_preset=&#8221;default&#8221; transform_scale=&#8221;138%|138%&#8221; transform_rotate=&#8221;354deg|0deg|171deg&#8221; transform_skew=&#8221;-7deg|-7deg&#8221; transform_origin=&#8221;88%|38%&#8221; custom_margin=&#8221;0px||-75px|0px|false|false&#8221; custom_padding=&#8221;0px||||false|false&#8221; global_colors_info=&#8221;{}&#8221;][\/et_pb_icon][\/et_pb_column][et_pb_column type=&#8221;1_2&#8243; _builder_version=&#8221;4.22.1&#8243; _module_preset=&#8221;default&#8221; global_colors_info=&#8221;{}&#8221;][et_pb_code _builder_version=&#8221;4.22.1&#8243; _module_preset=&#8221;default&#8221; text_orientation=&#8221;left&#8221; width=&#8221;50%&#8221; max_width=&#8221;34%&#8221; global_colors_info=&#8221;{}&#8221;]<\/p>\n<form action=\"https:\/\/app.mailingboss.com\/lists\/65a1b334da35b\/subscribe\" method=\"post\"><!-- [et_pb_line_break_holder] -->\t<\/p>\n<div class=\"form-group\"><!-- [et_pb_line_break_holder] -->\t\t<label for=\"FNAME\" style=\"\">Nombre<\/label><!-- [et_pb_line_break_holder] -->\t\t<input class=\"form-control\" required placeholder=\"Nombre\" style=\"\" name=\"FNAME\" type=\"text\" id=\"FNAME\"><!-- [et_pb_line_break_holder] -->\t<\/div>\n<p><!-- [et_pb_line_break_holder] -->\t<\/p>\n<div class=\"form-group\"><!-- [et_pb_line_break_holder] -->\t\t<label for=\"EMAIL\" style=\"\">E-mail<\/label><!-- [et_pb_line_break_holder] -->\t\t<input class=\"form-control\" required placeholder=\"E-mail\" style=\"\" name=\"EMAIL\" type=\"email\" id=\"EMAIL\"><!-- [et_pb_line_break_holder] -->\t<\/div>\n<p><!-- [et_pb_line_break_holder] -->\t<\/p>\n<div class=\"form-group\"><!-- [et_pb_line_break_holder] -->\t\t<label for=\"POLITICA_DE_PRIVACIDAD\" style=\"\">POLITICA DE PRIVACIDAD<\/label><!-- [et_pb_line_break_holder] -->\t\t<!\u2013- [et_pb_br_holder] -\u2013><!-- [et_pb_line_break_holder] -->\t\t<input style=\"\" name=\"POLITICA_DE_PRIVACIDAD[]\" type=\"checkbox\" value=\"1\"> <label for=\"\" style=\"\">He le\u00eddo la pol\u00edtica de privacidad<\/label><!-- [et_pb_line_break_holder] -->\t<\/div>\n<p><!-- [et_pb_line_break_holder] -->\t<input type=\"submit\" class=\"btn btn-default\" value=\"Suscribirme\"><!-- [et_pb_line_break_holder] --><\/form>\n<p>[\/et_pb_code][\/et_pb_column][\/et_pb_row][\/et_pb_section]<\/p>\n","protected":false},"excerpt":{"rendered":"<p>Noticias &amp; BlogsM\u00e9todo Sambeat: No te pongas a dieta para adelgazar; ponte a dieta para no recuperar el peso que pierdas. Descubre consejos, historias inspiradoras y las \u00faltimas tendencias en nutrici\u00f3n y adelgazamiento en nuestra secci\u00f3n de blogs y noticiasSi quieres que te mantengamos informado de noticias y temas actuales relacionados con tu nutrici\u00f3n, suscr\u00edbete [&hellip;]<\/p>\n","protected":false},"author":1,"featured_media":0,"parent":0,"menu_order":0,"comment_status":"closed","ping_status":"closed","template":"","meta":{"_et_pb_use_builder":"on","_et_pb_old_content":"","_et_gb_content_width":"","footnotes":""},"class_list":["post-1383","page","type-page","status-publish","hentry"],"_links":{"self":[{"href":"https:\/\/metodosambeat.com\/index.php\/wp-json\/wp\/v2\/pages\/1383","targetHints":{"allow":["GET"]}}],"collection":[{"href":"https:\/\/metodosambeat.com\/index.php\/wp-json\/wp\/v2\/pages"}],"about":[{"href":"https:\/\/metodosambeat.com\/index.php\/wp-json\/wp\/v2\/types\/page"}],"author":[{"embeddable":true,"href":"https:\/\/metodosambeat.com\/index.php\/wp-json\/wp\/v2\/users\/1"}],"replies":[{"embeddable":true,"href":"https:\/\/metodosambeat.com\/index.php\/wp-json\/wp\/v2\/comments?post=1383"}],"version-history":[{"count":34,"href":"https:\/\/metodosambeat.com\/index.php\/wp-json\/wp\/v2\/pages\/1383\/revisions"}],"predecessor-version":[{"id":4416,"href":"https:\/\/metodosambeat.com\/index.php\/wp-json\/wp\/v2\/pages\/1383\/revisions\/4416"}],"wp:attachment":[{"href":"https:\/\/metodosambeat.com\/index.php\/wp-json\/wp\/v2\/media?parent=1383"}],"curies":[{"name":"wp","href":"https:\/\/api.w.org\/{rel}","templated":true}]}}