{"id":1348,"date":"2024-01-10T13:00:51","date_gmt":"2024-01-10T13:00:51","guid":{"rendered":"https:\/\/metodosambeat.com\/?page_id=1348"},"modified":"2024-01-26T11:58:02","modified_gmt":"2024-01-26T11:58:02","slug":"registro-al-webinar","status":"publish","type":"page","link":"https:\/\/metodosambeat.com\/index.php\/registro-al-webinar\/","title":{"rendered":"Registro al webinar"},"content":{"rendered":"\n\n\t\n\t<h3><strong>Descubre el m\u00e9todo que usamos con nuestros pacientes\u00a0para que consigan su figura ideal,\u00a0<\/strong><br \/>\n<strong>y que no vuelvan a recuperar lo perdido,<\/strong><\/h3>\n\t<h3>&#8230; sin caer en los errores que SIEMPRE sol\u00edan cometer<\/h3>\n\t<ul>\n\t\t\t\t\t<li>\n\t\t\t\t\t<p>El motivo por el que\u00a0<strong>a\u00fan no has conseguido mantener<\/strong><strong>\u00a0<\/strong>esa figura con la que tan bien te ve\u00edas delante del espejo<\/p>\t\t\t<\/li>\n\t\t\t<li><hr \/><\/li>\n\t\t\t\t\t<li>\n\t\t\t\t\t<p>Los errores que siempre cometes (cometemos) cuando nos ponemos a &#8220;plan&#8221; y que\u00a0<strong>destrozan nuestros resultados, nos desmotivan y nos hacen abandonar<\/strong>\u00a0y volver a la casilla de salida, una y otra vez.<\/p>\t\t\t<\/li>\n\t\t\t<li><hr \/><\/li>\n\t\t\t\t\t<li>\n\t\t\t\t\t<p>C\u00f3mo tienes que orientar y planificar tu fin de dieta para poder volver a llevar tu vida \u00a0<strong>\u00a0sin renunciar a tus &#8220;eventos sociales&#8221;<\/strong>\u00a0\u00a0y que la ropa no se queje, porque eres capaz de mantener tus resultados<\/p>\t\t\t<\/li>\n\t\t\t<li><hr \/><\/li>\n\t\t\t<\/ul>\n\t\t\t<form\n\t\t\tclass=\"mailingboss__form\"\n\t\t\taction=\"https:\/\/app.mailingboss.com\/lists\/659aeabcd778a\/subscribe\"\n\t\t\tmethod=\"post\"\n\t\t\taccept-charset=\"utf-8\"\n\t\t\ttarget=\"\">\n\t\t\t\t<label>\n\t\t\t\t\tNombre\t\t\t\t\t\t\t* \t\t\t\t<\/label>\n\t\t\t\t\t\t<input type=\"text\"\n\t\t\tclass=\"mailingboss-form-control\"\n\t\t\tname=\"FNAME\"\n\t\t\tplaceholder=\"Nombre\"\n\t\t\tvalue=\"\"\n\t\t\trequired \n\t\t\/>\n\t\t\t\t<label>\n\t\t\t\t\temail\t\t\t\t\t\t\t* \t\t\t\t<\/label>\n\t\t\t\t\t\t<input type=\"text\"\n\t\t\tclass=\"mailingboss-form-control\"\n\t\t\tname=\"EMAIL\"\n\t\t\tplaceholder=\"email\"\n\t\t\tvalue=\"\"\n\t\t\trequired \n\t\t\/>\n\t\t\t\t<label>\n\t\t\t\t\tN\u00famero de tel\u00e9fono (Whatsapp)\t\t\t\t\t\t\t* \t\t\t\t<\/label>\n\t\t\t\t\t\t<input type=\"text\"\n\t\t\tclass=\"mailingboss-form-control\"\n\t\t\tname=\"PHONE\"\n\t\t\tplaceholder=\"N\u00famero de tel\u00e9fono (Whatsapp)\"\n\t\t\tvalue=\"\"\n\t\t\trequired \n\t\t\/>\n\t\t\t\t<label>\n\t\t\t\t\tComentarios\t\t\t\t<\/label>\n\t\t\t\t\t\t<textarea\n\t\t\tclass=\"mailingboss-form-control\"\n\t\t\tname=\"COMENTARIOS\"\n\t\t\tplaceholder=\"Comentarios\">\n\t\t\t\t\t<\/textarea>\n\t\t\t\t<label>\n\t\t\t\t\tHe le\u00eddo y acepto la pol\u00edtica de privacidad\t\t\t\t\t\t\t* \t\t\t\t<\/label>\n\t\t\t\t\t\t\t\t<label>\n\t\t\t<input type=\"checkbox\" name=\"POLITICA_DE_PRIVACIDAD[]\" value=\"1\" required\/> marcar <br \/>\t\t\n\t\t<\/label>\n\t<!-- submit (eg. mailingboss) --> \n\t\t\t<button\t\t\tclass=\"button__button\" \n\t\t\ttype=\"submit\">\n\t<!-- popup -->\n\t<!-- content -->\n\t<!-- icon before -->\n\t<!-- text -->\n\t\t\t\t\tReservar mi plaza\n\t<!-- icon after -->\n\t<\/button>\n\t\t<\/form>\n\t<h6>metodosambeat.com te informa que los datos de car\u00e1cter personal que nos proporcionas rellenando este formulario, ser\u00e1n tratados por San Pablo Vida Sana S.L. como responsable de la web. La finalidad de la recogida y tratamiento de los datos personales que te solicitamos es para enviarte nuestras publicaciones, promociones de productos y\/o servicios y recursos exclusivos. La legitimaci\u00f3n se realiza a trav\u00e9s del consentimiento del interesado. Te informo que los datos que nos facilitas est\u00e1n ubicados en los servidores de Builderall nuestro proveedor de email marketing, a trav\u00e9s de su empresa Cloud Builder LLC., ubicada en EEUU y acogida al EU Privacy shield. \u00a0El hecho de no facilitarnos los datos de car\u00e1cter personal que aparecen en el formulario como obligatorias har\u00e1 que no podamos atender tu solicitud. Puedes ejercer tus derechos de acceso, rectificaci\u00f3n, limitaci\u00f3n, portabilidad o supresi\u00f3n mediante solicitud escrita a info@metodosambeat.com. Puedes consultar la informaci\u00f3n detallada sobre Protecci\u00f3n de Datos en nuestra\u00a0<a href=\"https:\/\/www.metodosambeat.com\/politica-de-privacidad\/\" target=\"_blank\" rel=\"noopener\">Pol\u00edtica de Privacidad.<\/a><\/h6>\n\t\t\t\t    <img class=\"ba-cheetah-photo-img wp-image-42 size-full lazyload\"\n\t\t\t\tdata-src=\"https:\/\/metodosambeat.com\/wp-content\/uploads\/2023\/03\/Dr.-Sambeat-tamano-normal.jpg\"\n\t\t\t\talt=\"\"\n\t\t\t\t\t\t\t\titemprop=\"image\" \n\t\t\t\theight=\"391\" width=\"399\" onerror=\"this.style.display='none'\" data-srcset=\"https:\/\/metodosambeat.com\/wp-content\/uploads\/2023\/03\/Dr.-Sambeat-tamano-normal.jpg 399w, https:\/\/metodosambeat.com\/wp-content\/uploads\/2023\/03\/Dr.-Sambeat-tamano-normal-300x294.jpg 300w\" data-sizes=\"(max-width: 399px) 100vw, 399px\" src=\"data:image\/gif;base64,R0lGODlhAQABAAAAACH5BAEKAAEALAAAAAABAAEAAAICTAEAOw==\" style=\"--smush-placeholder-width: 399px; --smush-placeholder-aspect-ratio: 399\/391;\" \/><noscript><img class=\"ba-cheetah-photo-img wp-image-42 size-full\"\n\t\t\t\tsrc=\"https:\/\/metodosambeat.com\/wp-content\/uploads\/2023\/03\/Dr.-Sambeat-tamano-normal.jpg\"\n\t\t\t\talt=\"\"\n\t\t\t\t\t\t\t\titemprop=\"image\" \n\t\t\t\theight=\"391\" width=\"399\" onerror=\"this.style.display='none'\" srcset=\"https:\/\/metodosambeat.com\/wp-content\/uploads\/2023\/03\/Dr.-Sambeat-tamano-normal.jpg 399w, https:\/\/metodosambeat.com\/wp-content\/uploads\/2023\/03\/Dr.-Sambeat-tamano-normal-300x294.jpg 300w\" sizes=\"(max-width: 399px) 100vw, 399px\" \/><\/noscript>\n<h4><strong>Dr. Jos\u00e9 Luis Sambeat<\/strong><\/h4>\n<p>Jos\u00e9 Luis es m\u00e9dico especializado en nutrici\u00f3n.<\/p>\n\nTiene su propia cl\u00ednica en Madrid desde el a\u00f1o 1990, donde <strong>ha visitado a m\u00e1s de 17.000 pacientes<\/strong> de este problema.\n<p><strong>Ha escrito dos libros<\/strong> sobre el tema. Es profesor universitario. Ha sido ponente en varios congresos m\u00e9dicos.<\/p>\n<p>&nbsp;<\/p>\nY junto con la Psic\u00f3loga Victoria Prieto, han creado un m\u00e9todo propio de nutrici\u00f3n y de tratamiento diet\u00e9tico que en el a\u00f1o 2022 recibi\u00f3 un <strong>prestigioso premio internacional.<\/strong>\n\n","protected":false},"excerpt":{"rendered":"<p>Descubre el m\u00e9todo que usamos con nuestros pacientes\u00a0para que consigan su figura ideal,\u00a0 y que no vuelvan a recuperar lo perdido, &#8230; sin caer en los errores que SIEMPRE sol\u00edan cometer El motivo por el que\u00a0a\u00fan no has conseguido mantener\u00a0esa figura con la que tan bien te ve\u00edas delante del espejo Los errores que siempre [&hellip;]<\/p>\n","protected":false},"author":1,"featured_media":0,"parent":0,"menu_order":0,"comment_status":"closed","ping_status":"closed","template":"elementor_canvas","meta":{"_et_pb_use_builder":"on","_et_pb_old_content":"<!-- wp:ba-cheetah\/layout -->\n\n\t\n\t<h3><strong>Descubre el m\u00e9todo que usamos con nuestros pacientes\u00a0para que consigan su figura ideal,\u00a0<\/strong><br \/>\n<strong>y que no vuelvan a recuperar lo perdido,<\/strong><\/h3>\n\t<h3>&#8230; sin caer en los errores que SIEMPRE sol\u00edan cometer<\/h3>\n\t<ul>\n\t\t\t\t\t<li>\n\t\t\t\t\t<p>El motivo por el que\u00a0<strong>a\u00fan no has conseguido mantener<\/strong><strong>\u00a0<\/strong>esa figura con la que tan bien te ve\u00edas delante del espejo<\/p>\t\t\t<\/li>\n\t\t\t<li><hr \/><\/li>\n\t\t\t\t\t<li>\n\t\t\t\t\t<p>Los errores que siempre cometes (cometemos) cuando nos ponemos a \"plan\" y que\u00a0<strong>destrozan nuestros resultados, nos desmotivan y nos hacen abandonar<\/strong>\u00a0y volver a la casilla de salida, una y otra vez.<\/p>\t\t\t<\/li>\n\t\t\t<li><hr \/><\/li>\n\t\t\t\t\t<li>\n\t\t\t\t\t<p>C\u00f3mo tienes que orientar y planificar tu fin de dieta para poder volver a llevar tu vida \u00a0<strong>\u00a0sin renunciar a tus \"eventos sociales\"<\/strong>\u00a0\u00a0y que la ropa no se queje, porque eres capaz de mantener tus resultados<\/p>\t\t\t<\/li>\n\t\t\t<li><hr \/><\/li>\n\t\t\t<\/ul>\n\t\t\t<form\n\t\t\tclass=\"mailingboss__form\"\n\t\t\taction=\"https:\/\/app.mailingboss.com\/lists\/659aeabcd778a\/subscribe\"\n\t\t\tmethod=\"post\"\n\t\t\taccept-charset=\"utf-8\"\n\t\t\ttarget=\"\">\n\t\t\t\t<label>\n\t\t\t\t\tNombre\t\t\t\t\t\t\t* \t\t\t\t<\/label>\n\t\t\t\t\t\t<input type=\"text\"\n\t\t\tclass=\"mailingboss-form-control\"\n\t\t\tname=\"FNAME\"\n\t\t\tplaceholder=\"Nombre\"\n\t\t\tvalue=\"\"\n\t\t\trequired \n\t\t\/>\n\t\t\t\t<label>\n\t\t\t\t\temail\t\t\t\t\t\t\t* \t\t\t\t<\/label>\n\t\t\t\t\t\t<input type=\"text\"\n\t\t\tclass=\"mailingboss-form-control\"\n\t\t\tname=\"EMAIL\"\n\t\t\tplaceholder=\"email\"\n\t\t\tvalue=\"\"\n\t\t\trequired \n\t\t\/>\n\t\t\t\t<label>\n\t\t\t\t\tN\u00famero de tel\u00e9fono (Whatsapp)\t\t\t\t\t\t\t* \t\t\t\t<\/label>\n\t\t\t\t\t\t<input type=\"text\"\n\t\t\tclass=\"mailingboss-form-control\"\n\t\t\tname=\"PHONE\"\n\t\t\tplaceholder=\"N\u00famero de tel\u00e9fono (Whatsapp)\"\n\t\t\tvalue=\"\"\n\t\t\trequired \n\t\t\/>\n\t\t\t\t<label>\n\t\t\t\t\tComentarios\t\t\t\t<\/label>\n\t\t\t\t\t\t<textarea\n\t\t\tclass=\"mailingboss-form-control\"\n\t\t\tname=\"COMENTARIOS\"\n\t\t\tplaceholder=\"Comentarios\">\n\t\t\t\t\t<\/textarea>\n\t\t\t\t<label>\n\t\t\t\t\tHe le\u00eddo y acepto la pol\u00edtica de privacidad\t\t\t\t\t\t\t* \t\t\t\t<\/label>\n\t\t\t\t\t\t\t\t<label>\n\t\t\t<input type=\"checkbox\" name=\"POLITICA_DE_PRIVACIDAD[]\" value=\"1\" required\/> marcar <br \/>\t\t\n\t\t<\/label>\n\t<!-- submit (eg. mailingboss) --> \n\t\t\t<button\t\t\tclass=\"button__button\" \n\t\t\ttype=\"submit\">\n\t<!-- popup -->\n\t<!-- content -->\n\t<!-- icon before -->\n\t<!-- text -->\n\t\t\t\t\tReservar mi plaza\n\t<!-- icon after -->\n\t<\/button>\n\t\t<\/form>\n\t<h6>metodosambeat.com te informa que los datos de car\u00e1cter personal que nos proporcionas rellenando este formulario, ser\u00e1n tratados por San Pablo Vida Sana S.L. como responsable de la web. La finalidad de la recogida y tratamiento de los datos personales que te solicitamos es para enviarte nuestras publicaciones, promociones de productos y\/o servicios y recursos exclusivos. La legitimaci\u00f3n se realiza a trav\u00e9s del consentimiento del interesado. Te informo que los datos que nos facilitas est\u00e1n ubicados en los servidores de Builderall nuestro proveedor de email marketing, a trav\u00e9s de su empresa Cloud Builder LLC., ubicada en EEUU y acogida al EU Privacy shield. \u00a0El hecho de no facilitarnos los datos de car\u00e1cter personal que aparecen en el formulario como obligatorias har\u00e1 que no podamos atender tu solicitud. Puedes ejercer tus derechos de acceso, rectificaci\u00f3n, limitaci\u00f3n, portabilidad o supresi\u00f3n mediante solicitud escrita a info@metodosambeat.com. Puedes consultar la informaci\u00f3n detallada sobre Protecci\u00f3n de Datos en nuestra\u00a0<a href=\"https:\/\/www.metodosambeat.com\/politica-de-privacidad\/\" target=\"_blank\" rel=\"noopener\">Pol\u00edtica de Privacidad.<\/a><\/h6>\n\t\t\t\t    <img class=\"ba-cheetah-photo-img wp-image-42 size-full\"\n\t\t\t\tsrc=\"https:\/\/metodosambeat.com\/wp-content\/uploads\/2023\/03\/Dr.-Sambeat-tamano-normal.jpg\"\n\t\t\t\talt=\"\"\n\t\t\t\t\t\t\t\titemprop=\"image\" \n\t\t\t\theight=\"391\" width=\"399\" onerror=\"this.style.display='none'\"  \/>\n<h4><strong>Dr. Jos\u00e9 Luis Sambeat<\/strong><\/h4>\n<p>Jos\u00e9 Luis es m\u00e9dico especializado en nutrici\u00f3n.<\/p>\n\nTiene su propia cl\u00ednica en Madrid desde el a\u00f1o 1990, donde <strong>ha visitado a m\u00e1s de 17.000 pacientes<\/strong> de este problema.\n<p><strong>Ha escrito dos libros<\/strong> sobre el tema. Es profesor universitario. Ha sido ponente en varios congresos m\u00e9dicos.<\/p>\n<p>&nbsp;<\/p>\nY junto con la Psic\u00f3loga Victoria Prieto, han creado un m\u00e9todo propio de nutrici\u00f3n y de tratamiento diet\u00e9tico que en el a\u00f1o 2022 recibi\u00f3 un <strong>prestigioso premio internacional.<\/strong>\n\n<!-- \/wp:ba-cheetah\/layout -->","_et_gb_content_width":"","footnotes":""},"class_list":["post-1348","page","type-page","status-publish","hentry"],"_links":{"self":[{"href":"https:\/\/metodosambeat.com\/index.php\/wp-json\/wp\/v2\/pages\/1348","targetHints":{"allow":["GET"]}}],"collection":[{"href":"https:\/\/metodosambeat.com\/index.php\/wp-json\/wp\/v2\/pages"}],"about":[{"href":"https:\/\/metodosambeat.com\/index.php\/wp-json\/wp\/v2\/types\/page"}],"author":[{"embeddable":true,"href":"https:\/\/metodosambeat.com\/index.php\/wp-json\/wp\/v2\/users\/1"}],"replies":[{"embeddable":true,"href":"https:\/\/metodosambeat.com\/index.php\/wp-json\/wp\/v2\/comments?post=1348"}],"version-history":[{"count":11,"href":"https:\/\/metodosambeat.com\/index.php\/wp-json\/wp\/v2\/pages\/1348\/revisions"}],"predecessor-version":[{"id":3033,"href":"https:\/\/metodosambeat.com\/index.php\/wp-json\/wp\/v2\/pages\/1348\/revisions\/3033"}],"wp:attachment":[{"href":"https:\/\/metodosambeat.com\/index.php\/wp-json\/wp\/v2\/media?parent=1348"}],"curies":[{"name":"wp","href":"https:\/\/api.w.org\/{rel}","templated":true}]}}